{"id":308,"date":"2020-01-13T11:17:52","date_gmt":"2020-01-13T11:17:52","guid":{"rendered":"https:\/\/demosites.io\/web-agency-gb\/?page_id=5"},"modified":"2023-04-27T05:19:56","modified_gmt":"2023-04-27T05:19:56","slug":"inicio","status":"publish","type":"page","link":"https:\/\/jornadasdocalim.webs.upv.es\/index\/index.php\/inicio\/","title":{"rendered":"Inicio"},"content":{"rendered":"\n<div class=\"wp-block-cover alignfull is-light\" style=\"min-height:100vh;aspect-ratio:unset;\"><span aria-hidden=\"true\" class=\"wp-block-cover__background has-background-dim-0 has-background-dim\"><\/span><img loading=\"lazy\" decoding=\"async\" width=\"1890\" height=\"945\" class=\"wp-block-cover__image-background wp-image-321\" alt=\"\" src=\"https:\/\/jornadasdocalim.webs.upv.es\/index\/wp-content\/uploads\/2021\/10\/BARRA3.png\" style=\"object-position:69% 68%\" data-object-fit=\"cover\" data-object-position=\"69% 68%\" srcset=\"https:\/\/jornadasdocalim.webs.upv.es\/index\/wp-content\/uploads\/2021\/10\/BARRA3.png 1890w, https:\/\/jornadasdocalim.webs.upv.es\/index\/wp-content\/uploads\/2021\/10\/BARRA3-300x150.png 300w, https:\/\/jornadasdocalim.webs.upv.es\/index\/wp-content\/uploads\/2021\/10\/BARRA3-1024x512.png 1024w, https:\/\/jornadasdocalim.webs.upv.es\/index\/wp-content\/uploads\/2021\/10\/BARRA3-768x384.png 768w, https:\/\/jornadasdocalim.webs.upv.es\/index\/wp-content\/uploads\/2021\/10\/BARRA3-1536x768.png 1536w\" sizes=\"auto, (max-width: 1890px) 100vw, 1890px\" \/><div class=\"wp-block-cover__inner-container is-layout-flow wp-block-cover-is-layout-flow\">\n<h1 class=\"wp-block-heading has-text-align-center has-text-color\" id=\"i-jornadas-de-investigacion\" style=\"color:#121212\">II Jornadas de investigaci\u00f3n<\/h1>\n\n\n\n<p class=\"has-text-align-center has-text-color\" style=\"color:#121212;font-size:34px\">Doctorado de Ciencia, Tecnolog\u00eda y Gesti\u00f3n Alimentaria<\/p>\n\n\n\n<div class=\"wp-block-buttons is-horizontal is-content-justification-center is-layout-flex wp-container-core-buttons-is-layout-499968f5 wp-block-buttons-is-layout-flex\">\n<div class=\"wp-block-button has-custom-font-size is-style-default has-normal-font-size\"><a class=\"wp-block-button__link wp-element-button\" href=\"https:\/\/jornadasdocalim.webs.upv.es\/index\/\/index.php\/emision-en-directo\/\">I JORNADAS<\/a><\/div>\n\n\n\n<div class=\"wp-block-button is-style-default\"><a class=\"wp-block-button__link wp-element-button\" href=\"https:\/\/jornadasdocalim.webs.upv.es\/index\/index.php\/comision\/\">COMISI\u00d3N<\/a><\/div>\n\n\n\n<div class=\"wp-block-button is-style-default\"><a class=\"wp-block-button__link wp-element-button\" href=\"https:\/\/1drv.ms\/b\/s!Asj6iC97PNq2g_wK3bfUBc92r5Q5gg?e=AznnnS\" target=\"_blank\" rel=\"noreferrer noopener\"><mark style=\"background-color:rgba(0, 0, 0, 0)\" class=\"has-inline-color has-nv-c-2-color\">LIBRO PRESENTACIONES<\/mark><\/a><\/div>\n<\/div>\n\n\n\n<p><\/p>\n<\/div><\/div>\n\n\n\n<p>DESC\u00c1RGATE EL LIBRO DE LAS PRESENTACIONES <a href=\"https:\/\/1drv.ms\/b\/s!Asj6iC97PNq2g_wK3bfUBc92r5Q5gg?e=fkiWmd\"><strong>AQU\u00cd<\/strong><\/a><\/p>\n\n\n\n<div class=\"wp-block-columns is-layout-flex wp-container-core-columns-is-layout-9d6595d7 wp-block-columns-is-layout-flex\">\n<div class=\"wp-block-column is-layout-flow wp-block-column-is-layout-flow\">\n<div class=\"wp-block-group\"><div class=\"wp-block-group__inner-container is-layout-flow wp-block-group-is-layout-flow\">\n<div class=\"wp-block-columns is-layout-flex wp-container-core-columns-is-layout-9d6595d7 wp-block-columns-is-layout-flex\">\n<div class=\"wp-block-column is-layout-flow wp-block-column-is-layout-flow\">\n<div class=\"wp-block-columns is-layout-flex wp-container-core-columns-is-layout-9d6595d7 wp-block-columns-is-layout-flex\">\n<div class=\"wp-block-column is-layout-flow wp-block-column-is-layout-flow\">\n<figure class=\"wp-block-image size-full is-resized\"><a href=\"https:\/\/www.upv.es\/entidades\/DTEA\/index-es.html\"><img loading=\"lazy\" decoding=\"async\" src=\"https:\/\/jornadasdocalim.webs.upv.es\/index\/wp-content\/uploads\/2021\/10\/DTA.jpg\" alt=\"\" class=\"wp-image-380\" width=\"223\" height=\"133\"\/><\/a><\/figure>\n<\/div>\n<\/div>\n<\/div>\n\n\n\n<div class=\"wp-block-column is-layout-flow wp-block-column-is-layout-flow\">\n<figure class=\"wp-block-image size-full is-resized\"><a href=\"http:\/\/www.iiad.upv.es\/\"><img loading=\"lazy\" decoding=\"async\" src=\"https:\/\/jornadasdocalim.webs.upv.es\/index\/wp-content\/uploads\/2021\/10\/Imagen1-1.gif\" alt=\"\" class=\"wp-image-376\" width=\"262\" height=\"190\"\/><\/a><\/figure>\n<\/div>\n\n\n\n<div class=\"wp-block-column is-layout-flow wp-block-column-is-layout-flow\">\n<div class=\"wp-block-columns is-layout-flex wp-container-core-columns-is-layout-9d6595d7 wp-block-columns-is-layout-flex\">\n<div class=\"wp-block-column is-layout-flow wp-block-column-is-layout-flow\">\n<figure class=\"wp-block-image size-full is-resized\"><a href=\"http:\/\/w1.iata.csic.es\/\"><img loading=\"lazy\" decoding=\"async\" src=\"https:\/\/jornadasdocalim.webs.upv.es\/index\/wp-content\/uploads\/2021\/10\/logoCsic-1.png\" alt=\"\" class=\"wp-image-378\" width=\"260\" height=\"100\"\/><\/a><\/figure>\n<\/div>\n<\/div>\n<\/div>\n\n\n\n<div class=\"wp-block-column is-layout-flow wp-block-column-is-layout-flow\">\n<figure class=\"wp-block-image size-full is-resized\"><a href=\"https:\/\/ivia.gva.es\/va\/\"><img loading=\"lazy\" decoding=\"async\" src=\"https:\/\/jornadasdocalim.webs.upv.es\/index\/wp-content\/uploads\/2021\/10\/Logo-150-aniversari-reformed.png-2.gif\" alt=\"\" class=\"wp-image-379\" width=\"231\" height=\"86\"\/><\/a><\/figure>\n<\/div>\n<\/div>\n<\/div><\/div>\n<\/div>\n<\/div>\n\n\n\n<div class=\"wp-block-cover alignfull\" style=\"min-height:600px;aspect-ratio:unset;\"><span aria-hidden=\"true\" class=\"wp-block-cover__background has-nv-light-bg-background-color has-background-dim-100 has-background-dim\"><\/span><div class=\"wp-block-cover__inner-container is-layout-flow wp-block-cover-is-layout-flow\">\n<div class=\"wp-block-group\"><div class=\"wp-block-group__inner-container is-layout-flow wp-block-group-is-layout-flow\">\n<div class=\"wp-block-columns are-vertically-aligned-center is-layout-flex wp-container-core-columns-is-layout-9d6595d7 wp-block-columns-is-layout-flex\">\n<div class=\"wp-block-column is-vertically-aligned-center is-layout-flow wp-block-column-is-layout-flow\" style=\"flex-basis:50%\">\n<figure class=\"wp-block-gallery has-nested-images columns-default is-cropped wp-block-gallery-1 is-layout-flex wp-block-gallery-is-layout-flex\">\n<figure class=\"wp-block-image size-full\"><img loading=\"lazy\" decoding=\"async\" width=\"860\" height=\"860\" data-id=\"606\" src=\"https:\/\/jornadasdocalim.webs.upv.es\/index\/wp-content\/uploads\/2023\/03\/fi14.jpg\" alt=\"\" class=\"wp-image-606\" srcset=\"https:\/\/jornadasdocalim.webs.upv.es\/index\/wp-content\/uploads\/2023\/03\/fi14.jpg 860w, https:\/\/jornadasdocalim.webs.upv.es\/index\/wp-content\/uploads\/2023\/03\/fi14-300x300.jpg 300w, https:\/\/jornadasdocalim.webs.upv.es\/index\/wp-content\/uploads\/2023\/03\/fi14-150x150.jpg 150w, https:\/\/jornadasdocalim.webs.upv.es\/index\/wp-content\/uploads\/2023\/03\/fi14-768x768.jpg 768w\" sizes=\"auto, (max-width: 860px) 100vw, 860px\" \/><\/figure>\n<\/figure>\n<\/div>\n\n\n\n<div class=\"wp-block-column is-vertically-aligned-center is-layout-flow wp-block-column-is-layout-flow\" style=\"flex-basis:50%\">\n<div style=\"height:20px\" aria-hidden=\"true\" class=\"wp-block-spacer\"><\/div>\n\n\n\n<h2 class=\"wp-block-heading has-text-align-left has-neve-text-color-color has-text-color\" id=\"emision-en-directo\">II Jornadas &#8230;<\/h2>\n\n\n\n<p class=\"has-text-align-left has-neve-text-color-color has-text-color\" style=\"font-size:17px\">El <strong>27 de Abril <\/strong>algunos de los alumnos de doctorado del programa de doctorado de  Ciencia, Tecnolog\u00eda y Gesti\u00f3n Alimentaria  de la Universitat Polit\u00e8cnica de Val\u00e8ncia nos contar\u00e1n que hacen en su tesis. Si estas interesado en verlo puedes acudir al Sal\u00f3n de Actos de la Escuela Escuela T\u00e9cnica Superior de Ingenier\u00eda Agron\u00f3mica y del Medio Natural o conectarte en directo a trav\u00e9s de esta p\u00e1gina.<\/p>\n\n\n\n<div class=\"wp-block-buttons is-horizontal is-content-justification-left is-layout-flex wp-container-core-buttons-is-layout-7e5fce0a wp-block-buttons-is-layout-flex\">\n<div class=\"wp-block-button\"><a class=\"wp-block-button__link wp-element-button\" href=\"https:\/\/jornadasdocalim.webs.upv.es\/index\/index.php\/emision-en-directo\/\" target=\"_blank\" rel=\"noreferrer noopener\">ANTERIORES JORNADAS<\/a><\/div>\n<\/div>\n<\/div>\n<\/div>\n\n\n\n<p><\/p>\n<\/div><\/div>\n<\/div><\/div>\n\n\n\n<div class=\"wp-block-cover alignfull\" style=\"min-height:600px;aspect-ratio:unset;\"><span aria-hidden=\"true\" class=\"wp-block-cover__background has-nv-site-bg-background-color has-background-dim-100 has-background-dim\"><\/span><div class=\"wp-block-cover__inner-container is-layout-flow wp-block-cover-is-layout-flow\">\n<div class=\"wp-block-group\"><div class=\"wp-block-group__inner-container is-layout-flow wp-block-group-is-layout-flow\">\n<div class=\"wp-block-columns are-vertically-aligned-center is-layout-flex wp-container-core-columns-is-layout-9d6595d7 wp-block-columns-is-layout-flex\">\n<div class=\"wp-block-column is-vertically-aligned-center is-layout-flow wp-block-column-is-layout-flow\" style=\"flex-basis:50%\">\n<h2 class=\"wp-block-heading has-text-align-left has-neve-text-color-color has-text-color\" id=\"libro-de-resumenes\">Ap\u00fantate<\/h2>\n\n\n\n<p class=\"has-text-align-left has-neve-text-color-color has-text-color\" style=\"font-size:17px\">Puedes apuntarte y contarnos parte la investigaci\u00f3n que realizas en tu tesis doctoral hasta el&nbsp;<strong>27 de Marzo de 2023<\/strong>. Esta actividad la podr\u00e1s presentar como actividad espec\u00edfica con hasta&nbsp;<strong>100 horas&nbsp;<\/strong>de reconocimiento si es presentaci\u00f3n oral y&nbsp;<strong>50 horas<\/strong>&nbsp;si es tipo p\u00f3ster. La fecha de aceptaci\u00f3n y designaci\u00f3n de los trabajos (oral o p\u00f3ster) se dar\u00e1 a conocer por correo electr\u00f3nico el<strong>&nbsp;3 de Abril de 2023<\/strong>.<\/p>\n\n\n\n<div class=\"wp-block-buttons is-horizontal is-content-justification-left is-layout-flex wp-container-core-buttons-is-layout-7e5fce0a wp-block-buttons-is-layout-flex\">\n<div class=\"wp-block-button\"><a class=\"wp-block-button__link wp-element-button\" href=\"https:\/\/jornadasdocalim.webs.upv.es\/index\/index.php\/apuntate\/\"> M\u00c1S <\/a><\/div>\n<\/div>\n\n\n\n<div style=\"height:40px\" aria-hidden=\"true\" class=\"wp-block-spacer\"><\/div>\n<\/div>\n\n\n\n<div class=\"wp-block-column is-vertically-aligned-center is-layout-flow wp-block-column-is-layout-flow\" style=\"flex-basis:50%\">\n<figure class=\"wp-block-gallery has-nested-images columns-default is-cropped wp-block-gallery-2 is-layout-flex wp-block-gallery-is-layout-flex\">\n<figure class=\"wp-block-image size-full\"><img loading=\"lazy\" decoding=\"async\" width=\"480\" height=\"270\" data-id=\"603\" src=\"https:\/\/jornadasdocalim.webs.upv.es\/index\/wp-content\/uploads\/2023\/03\/133208_shutterstock_203936074.jpg\" alt=\"\" class=\"wp-image-603\" srcset=\"https:\/\/jornadasdocalim.webs.upv.es\/index\/wp-content\/uploads\/2023\/03\/133208_shutterstock_203936074.jpg 480w, https:\/\/jornadasdocalim.webs.upv.es\/index\/wp-content\/uploads\/2023\/03\/133208_shutterstock_203936074-300x169.jpg 300w\" sizes=\"auto, (max-width: 480px) 100vw, 480px\" \/><figcaption class=\"wp-element-caption\">Ap\u00fantate<\/figcaption><\/figure>\n<\/figure>\n<\/div>\n<\/div>\n\n\n\n<div style=\"height:40px\" aria-hidden=\"true\" class=\"wp-block-spacer\"><\/div>\n<\/div><\/div>\n<\/div><\/div>\n\n\n\n<div class=\"wp-block-cover alignfull\" style=\"min-height:600px;aspect-ratio:unset;\"><span aria-hidden=\"true\" class=\"wp-block-cover__background has-nv-dark-bg-background-color has-background-dim-100 has-background-dim\"><\/span><div class=\"wp-block-cover__inner-container is-layout-flow wp-block-cover-is-layout-flow\">\n<div class=\"wp-block-group\"><div class=\"wp-block-group__inner-container is-layout-flow wp-block-group-is-layout-flow\">\n<div class=\"wp-block-columns are-vertically-aligned-center is-layout-flex wp-container-core-columns-is-layout-9d6595d7 wp-block-columns-is-layout-flex\">\n<div class=\"wp-block-column is-vertically-aligned-center is-layout-flow wp-block-column-is-layout-flow\" style=\"flex-basis:50%\">\n<figure class=\"wp-block-image size-full\"><img loading=\"lazy\" decoding=\"async\" width=\"852\" height=\"640\" src=\"https:\/\/jornadasdocalim.webs.upv.es\/index\/wp-content\/uploads\/2021\/10\/IMG_5108.jpg\" alt=\"\" class=\"wp-image-356\" srcset=\"https:\/\/jornadasdocalim.webs.upv.es\/index\/wp-content\/uploads\/2021\/10\/IMG_5108.jpg 852w, https:\/\/jornadasdocalim.webs.upv.es\/index\/wp-content\/uploads\/2021\/10\/IMG_5108-300x225.jpg 300w, https:\/\/jornadasdocalim.webs.upv.es\/index\/wp-content\/uploads\/2021\/10\/IMG_5108-768x577.jpg 768w\" sizes=\"auto, (max-width: 852px) 100vw, 852px\" \/><\/figure>\n<\/div>\n\n\n\n<div class=\"wp-block-column is-vertically-aligned-center is-layout-flow wp-block-column-is-layout-flow\" style=\"flex-basis:50%\">\n<div style=\"height:40px\" aria-hidden=\"true\" class=\"wp-block-spacer\"><\/div>\n\n\n\n<h2 class=\"wp-block-heading has-text-align-left has-nv-text-dark-bg-color has-text-color\" id=\"programa\">Programa<\/h2>\n\n\n\n<p class=\"has-text-align-left has-nv-text-dark-bg-color has-text-color\" style=\"font-size:17px\">Las Jornadas comenzar\u00e1s a las 9:00, el 27 de abril de 2023 y tendr\u00e1n lugar en los salones de actos y grados de la<strong> Escuela T\u00e9cnica Superior de Agronom\u00eda y del Medio Natural<\/strong>.<\/p>\n\n\n\n<div class=\"wp-block-buttons is-horizontal is-content-justification-left is-layout-flex wp-container-core-buttons-is-layout-7e5fce0a wp-block-buttons-is-layout-flex\">\n<div class=\"wp-block-button\"><a class=\"wp-block-button__link wp-element-button\" href=\"https:\/\/jornadasdocalim.webs.upv.es\/index\/index.php\/contacto\/\" target=\"_blank\" rel=\"noreferrer noopener\"> M\u00c1S <\/a><\/div>\n<\/div>\n<\/div>\n<\/div>\n<\/div><\/div>\n<\/div><\/div>\n\n\n\n<div class=\"wp-block-cover alignfull\" style=\"min-height:300px;aspect-ratio:unset;\"><span aria-hidden=\"true\" class=\"wp-block-cover__background has-nv-dark-bg-background-color has-background-dim-100 has-background-dim\"><\/span><div class=\"wp-block-cover__inner-container is-layout-flow wp-block-cover-is-layout-flow\">\n<p class=\"has-text-align-center\"><img loading=\"lazy\" decoding=\"async\" width=\"600\" height=\"212\" class=\"wp-image-426\" style=\"width: 600px;\" src=\"https:\/\/jornadasdocalim.webs.upv.es\/index\/wp-content\/uploads\/2021\/10\/marca_UPV_principal_blanco150.png\" alt=\"\" srcset=\"https:\/\/jornadasdocalim.webs.upv.es\/index\/wp-content\/uploads\/2021\/10\/marca_UPV_principal_blanco150.png 804w, https:\/\/jornadasdocalim.webs.upv.es\/index\/wp-content\/uploads\/2021\/10\/marca_UPV_principal_blanco150-300x106.png 300w, https:\/\/jornadasdocalim.webs.upv.es\/index\/wp-content\/uploads\/2021\/10\/marca_UPV_principal_blanco150-768x271.png 768w\" sizes=\"auto, (max-width: 600px) 100vw, 600px\" \/><\/p>\n<\/div><\/div>\n\n\n<p><\/p>","protected":false},"excerpt":{"rendered":"<p>DESC\u00c1RGATE EL LIBRO DE LAS PRESENTACIONES AQU\u00cd<\/p>\n","protected":false},"author":1,"featured_media":0,"parent":0,"menu_order":0,"comment_status":"closed","ping_status":"closed","template":"","meta":{"neve_meta_sidebar":"default","neve_meta_container":"default","neve_meta_enable_content_width":"on","neve_meta_content_width":100,"neve_meta_title_alignment":"","neve_meta_author_avatar":"","neve_post_elements_order":"","neve_meta_disable_header":"off","neve_meta_disable_footer":"","neve_meta_disable_title":"on","footnotes":""},"class_list":["post-308","page","type-page","status-publish","hentry"],"_links":{"self":[{"href":"https:\/\/jornadasdocalim.webs.upv.es\/index\/index.php\/wp-json\/wp\/v2\/pages\/308","targetHints":{"allow":["GET"]}}],"collection":[{"href":"https:\/\/jornadasdocalim.webs.upv.es\/index\/index.php\/wp-json\/wp\/v2\/pages"}],"about":[{"href":"https:\/\/jornadasdocalim.webs.upv.es\/index\/index.php\/wp-json\/wp\/v2\/types\/page"}],"author":[{"embeddable":true,"href":"https:\/\/jornadasdocalim.webs.upv.es\/index\/index.php\/wp-json\/wp\/v2\/users\/1"}],"replies":[{"embeddable":true,"href":"https:\/\/jornadasdocalim.webs.upv.es\/index\/index.php\/wp-json\/wp\/v2\/comments?post=308"}],"version-history":[{"count":60,"href":"https:\/\/jornadasdocalim.webs.upv.es\/index\/index.php\/wp-json\/wp\/v2\/pages\/308\/revisions"}],"predecessor-version":[{"id":651,"href":"https:\/\/jornadasdocalim.webs.upv.es\/index\/index.php\/wp-json\/wp\/v2\/pages\/308\/revisions\/651"}],"wp:attachment":[{"href":"https:\/\/jornadasdocalim.webs.upv.es\/index\/index.php\/wp-json\/wp\/v2\/media?parent=308"}],"curies":[{"name":"wp","href":"https:\/\/api.w.org\/{rel}","templated":true}]}}